{"id":739,"date":"2023-10-22T11:21:42","date_gmt":"2023-10-22T08:21:42","guid":{"rendered":"https:\/\/stnm.com.tr\/?page_id=739"},"modified":"2023-10-22T11:48:54","modified_gmt":"2023-10-22T08:48:54","slug":"helikopter-tasarim-yarismasi","status":"publish","type":"page","link":"https:\/\/stnm.com.tr\/index.php\/helikopter-tasarim-yarismasi\/","title":{"rendered":"Helikopter Tasar\u0131m Yar\u0131\u015fmas\u0131"},"content":{"rendered":"\t\t<div data-elementor-type=\"wp-post\" data-elementor-id=\"739\" class=\"elementor elementor-739\">\n\t\t\t\t\t\t\t\t\t<section class=\"elementor-section elementor-top-section elementor-element elementor-element-bbf904a elementor-section-content-middle elementor-section-boxed elementor-section-height-default elementor-section-height-default\" data-id=\"bbf904a\" data-element_type=\"section\" data-settings=\"{&quot;background_background&quot;:&quot;classic&quot;}\">\n\t\t\t\t\t\t\t<div class=\"elementor-background-overlay\"><\/div>\n\t\t\t\t\t\t\t<div class=\"elementor-container elementor-column-gap-no\">\n\t\t\t\t\t<div class=\"elementor-column elementor-col-100 elementor-top-column elementor-element elementor-element-401f620\" data-id=\"401f620\" data-element_type=\"column\">\n\t\t\t<div class=\"elementor-widget-wrap elementor-element-populated\">\n\t\t\t\t\t\t\t\t<div class=\"elementor-element elementor-element-def3ca5 elementor-widget elementor-widget-heading\" data-id=\"def3ca5\" data-element_type=\"widget\" data-widget_type=\"heading.default\">\n\t\t\t\t<div class=\"elementor-widget-container\">\n\t\t\t<style>\/*! elementor - v3.16.0 - 17-10-2023 *\/\n.elementor-heading-title{padding:0;margin:0;line-height:1}.elementor-widget-heading .elementor-heading-title[class*=elementor-size-]>a{color:inherit;font-size:inherit;line-height:inherit}.elementor-widget-heading .elementor-heading-title.elementor-size-small{font-size:15px}.elementor-widget-heading .elementor-heading-title.elementor-size-medium{font-size:19px}.elementor-widget-heading .elementor-heading-title.elementor-size-large{font-size:29px}.elementor-widget-heading .elementor-heading-title.elementor-size-xl{font-size:39px}.elementor-widget-heading .elementor-heading-title.elementor-size-xxl{font-size:59px}<\/style><h1 class=\"elementor-heading-title elementor-size-default\">Helikopter Tasar\u0131m Yar\u0131\u015fmas\u0131\n<\/h1>\t\t<\/div>\n\t\t\t\t<\/div>\n\t\t\t\t\t<\/div>\n\t\t<\/div>\n\t\t\t\t\t\t\t<\/div>\n\t\t<\/section>\n\t\t<div class=\"elementor-element elementor-element-de9a67f e-flex e-con-boxed e-con e-parent\" data-id=\"de9a67f\" data-element_type=\"container\" data-settings=\"{&quot;background_background&quot;:&quot;classic&quot;,&quot;content_width&quot;:&quot;boxed&quot;}\" data-core-v316-plus=\"true\">\n\t\t\t\t\t<div class=\"e-con-inner\">\n\t\t<div class=\"elementor-element elementor-element-cab9be1 e-con-full e-flex e-con e-child\" data-id=\"cab9be1\" data-element_type=\"container\" data-settings=\"{&quot;content_width&quot;:&quot;full&quot;}\">\n\t\t\t\t<div class=\"elementor-element elementor-element-1f1b270 elementor-widget elementor-widget-spacer\" data-id=\"1f1b270\" data-element_type=\"widget\" data-widget_type=\"spacer.default\">\n\t\t\t\t<div class=\"elementor-widget-container\">\n\t\t\t<style>\/*! elementor - v3.16.0 - 17-10-2023 *\/\n.elementor-column .elementor-spacer-inner{height:var(--spacer-size)}.e-con{--container-widget-width:100%}.e-con-inner>.elementor-widget-spacer,.e-con>.elementor-widget-spacer{width:var(--container-widget-width,var(--spacer-size));--align-self:var(--container-widget-align-self,initial);--flex-shrink:0}.e-con-inner>.elementor-widget-spacer>.elementor-widget-container,.e-con>.elementor-widget-spacer>.elementor-widget-container{height:100%;width:100%}.e-con-inner>.elementor-widget-spacer>.elementor-widget-container>.elementor-spacer,.e-con>.elementor-widget-spacer>.elementor-widget-container>.elementor-spacer{height:100%}.e-con-inner>.elementor-widget-spacer>.elementor-widget-container>.elementor-spacer>.elementor-spacer-inner,.e-con>.elementor-widget-spacer>.elementor-widget-container>.elementor-spacer>.elementor-spacer-inner{height:var(--container-widget-height,var(--spacer-size))}.e-con-inner>.elementor-widget-spacer.elementor-widget-empty,.e-con>.elementor-widget-spacer.elementor-widget-empty{position:relative;min-height:22px;min-width:22px}.e-con-inner>.elementor-widget-spacer.elementor-widget-empty .elementor-widget-empty-icon,.e-con>.elementor-widget-spacer.elementor-widget-empty .elementor-widget-empty-icon{position:absolute;top:0;bottom:0;left:0;right:0;margin:auto;padding:0;width:22px;height:22px}<\/style>\t\t<div class=\"elementor-spacer\">\n\t\t\t<div class=\"elementor-spacer-inner\"><\/div>\n\t\t<\/div>\n\t\t\t\t<\/div>\n\t\t\t\t<\/div>\n\t\t\t\t<div class=\"elementor-element elementor-element-48d5366 elementor-widget elementor-widget-heading\" data-id=\"48d5366\" data-element_type=\"widget\" data-widget_type=\"heading.default\">\n\t\t\t\t<div class=\"elementor-widget-container\">\n\t\t\t<h6 class=\"elementor-heading-title elementor-size-default\">Genel Bilgi<\/h6>\t\t<\/div>\n\t\t\t\t<\/div>\n\t\t\t\t<div class=\"elementor-element elementor-element-55256ff elementor-widget elementor-widget-heading\" data-id=\"55256ff\" data-element_type=\"widget\" data-widget_type=\"heading.default\">\n\t\t\t\t<div class=\"elementor-widget-container\">\n\t\t\t<h2 class=\"elementor-heading-title elementor-size-default\">STNM - ZADA 1<\/h2>\t\t<\/div>\n\t\t\t\t<\/div>\n\t\t\t\t<div class=\"elementor-element elementor-element-9c29269 elementor-widget-divider--view-line elementor-widget elementor-widget-divider\" data-id=\"9c29269\" data-element_type=\"widget\" data-widget_type=\"divider.default\">\n\t\t\t\t<div class=\"elementor-widget-container\">\n\t\t\t<style>\/*! elementor - v3.16.0 - 17-10-2023 *\/\n.elementor-widget-divider{--divider-border-style:none;--divider-border-width:1px;--divider-color:#0c0d0e;--divider-icon-size:20px;--divider-element-spacing:10px;--divider-pattern-height:24px;--divider-pattern-size:20px;--divider-pattern-url:none;--divider-pattern-repeat:repeat-x}.elementor-widget-divider .elementor-divider{display:flex}.elementor-widget-divider .elementor-divider__text{font-size:15px;line-height:1;max-width:95%}.elementor-widget-divider .elementor-divider__element{margin:0 var(--divider-element-spacing);flex-shrink:0}.elementor-widget-divider .elementor-icon{font-size:var(--divider-icon-size)}.elementor-widget-divider .elementor-divider-separator{display:flex;margin:0;direction:ltr}.elementor-widget-divider--view-line_icon .elementor-divider-separator,.elementor-widget-divider--view-line_text .elementor-divider-separator{align-items:center}.elementor-widget-divider--view-line_icon .elementor-divider-separator:after,.elementor-widget-divider--view-line_icon .elementor-divider-separator:before,.elementor-widget-divider--view-line_text .elementor-divider-separator:after,.elementor-widget-divider--view-line_text .elementor-divider-separator:before{display:block;content:\"\";border-bottom:0;flex-grow:1;border-top:var(--divider-border-width) var(--divider-border-style) var(--divider-color)}.elementor-widget-divider--element-align-left .elementor-divider .elementor-divider-separator>.elementor-divider__svg:first-of-type{flex-grow:0;flex-shrink:100}.elementor-widget-divider--element-align-left .elementor-divider-separator:before{content:none}.elementor-widget-divider--element-align-left .elementor-divider__element{margin-left:0}.elementor-widget-divider--element-align-right .elementor-divider .elementor-divider-separator>.elementor-divider__svg:last-of-type{flex-grow:0;flex-shrink:100}.elementor-widget-divider--element-align-right .elementor-divider-separator:after{content:none}.elementor-widget-divider--element-align-right .elementor-divider__element{margin-right:0}.elementor-widget-divider:not(.elementor-widget-divider--view-line_text):not(.elementor-widget-divider--view-line_icon) .elementor-divider-separator{border-top:var(--divider-border-width) var(--divider-border-style) var(--divider-color)}.elementor-widget-divider--separator-type-pattern{--divider-border-style:none}.elementor-widget-divider--separator-type-pattern.elementor-widget-divider--view-line .elementor-divider-separator,.elementor-widget-divider--separator-type-pattern:not(.elementor-widget-divider--view-line) .elementor-divider-separator:after,.elementor-widget-divider--separator-type-pattern:not(.elementor-widget-divider--view-line) .elementor-divider-separator:before,.elementor-widget-divider--separator-type-pattern:not([class*=elementor-widget-divider--view]) .elementor-divider-separator{width:100%;min-height:var(--divider-pattern-height);-webkit-mask-size:var(--divider-pattern-size) 100%;mask-size:var(--divider-pattern-size) 100%;-webkit-mask-repeat:var(--divider-pattern-repeat);mask-repeat:var(--divider-pattern-repeat);background-color:var(--divider-color);-webkit-mask-image:var(--divider-pattern-url);mask-image:var(--divider-pattern-url)}.elementor-widget-divider--no-spacing{--divider-pattern-size:auto}.elementor-widget-divider--bg-round{--divider-pattern-repeat:round}.rtl .elementor-widget-divider .elementor-divider__text{direction:rtl}.e-con-inner>.elementor-widget-divider,.e-con>.elementor-widget-divider{width:var(--container-widget-width,100%);--flex-grow:var(--container-widget-flex-grow)}<\/style>\t\t<div class=\"elementor-divider\">\n\t\t\t<span class=\"elementor-divider-separator\">\n\t\t\t\t\t\t<\/span>\n\t\t<\/div>\n\t\t\t\t<\/div>\n\t\t\t\t<\/div>\n\t\t\t\t<div class=\"elementor-element elementor-element-e499982 elementor-widget elementor-widget-text-editor\" data-id=\"e499982\" data-element_type=\"widget\" data-widget_type=\"text-editor.default\">\n\t\t\t\t<div class=\"elementor-widget-container\">\n\t\t\t<style>\/*! elementor - v3.16.0 - 17-10-2023 *\/\n.elementor-widget-text-editor.elementor-drop-cap-view-stacked .elementor-drop-cap{background-color:#69727d;color:#fff}.elementor-widget-text-editor.elementor-drop-cap-view-framed .elementor-drop-cap{color:#69727d;border:3px solid;background-color:transparent}.elementor-widget-text-editor:not(.elementor-drop-cap-view-default) .elementor-drop-cap{margin-top:8px}.elementor-widget-text-editor:not(.elementor-drop-cap-view-default) .elementor-drop-cap-letter{width:1em;height:1em}.elementor-widget-text-editor .elementor-drop-cap{float:left;text-align:center;line-height:1;font-size:50px}.elementor-widget-text-editor .elementor-drop-cap-letter{display:inline-block}<\/style>\t\t\t\t<p>Helikopterler, ask\u0131 ve d\u00fc\u015fey u\u00e7u\u015f kabiliyetleri nedeniyle pek \u00e7ok g\u00f6revin icras\u0131 a\u00e7\u0131s\u0131ndan sabit kanatl\u0131 hava ara\u00e7lar\u0131na k\u0131yasla \u00fcst\u00fcn avantajlar sa\u011flamaktad\u0131rlar. Arama kurtarmadan lojisti\u011fe, ula\u015f\u0131mdan ke\u015fif ve g\u00f6zetlemeye pek \u00e7ok alanda herhangi \u00f6zel bir piste ihtiya\u00e7 duymaks\u0131z\u0131n hizmet veren helikopterler, g\u00fcn\u00fcm\u00fcz\u00fcn vazge\u00e7ilmez hava ara\u00e7lar\u0131ndand\u0131r.<\/p>\t\t\t\t\t\t<\/div>\n\t\t\t\t<\/div>\n\t\t\t\t<div class=\"elementor-element elementor-element-a9d6031 elementor-widget-divider--view-line elementor-widget elementor-widget-divider\" data-id=\"a9d6031\" data-element_type=\"widget\" data-widget_type=\"divider.default\">\n\t\t\t\t<div class=\"elementor-widget-container\">\n\t\t\t\t\t<div class=\"elementor-divider\">\n\t\t\t<span class=\"elementor-divider-separator\">\n\t\t\t\t\t\t<\/span>\n\t\t<\/div>\n\t\t\t\t<\/div>\n\t\t\t\t<\/div>\n\t\t\t\t<div class=\"elementor-element elementor-element-1019e66 elementor-widget elementor-widget-spacer\" data-id=\"1019e66\" data-element_type=\"widget\" data-widget_type=\"spacer.default\">\n\t\t\t\t<div class=\"elementor-widget-container\">\n\t\t\t\t\t<div class=\"elementor-spacer\">\n\t\t\t<div class=\"elementor-spacer-inner\"><\/div>\n\t\t<\/div>\n\t\t\t\t<\/div>\n\t\t\t\t<\/div>\n\t\t\t\t<\/div>\n\t\t<div class=\"elementor-element elementor-element-a192336 e-con-full e-flex e-con e-child\" data-id=\"a192336\" data-element_type=\"container\" data-settings=\"{&quot;content_width&quot;:&quot;full&quot;}\">\n\t\t\t\t<div class=\"elementor-element elementor-element-4ea02a1 elementor-widget elementor-widget-image\" data-id=\"4ea02a1\" data-element_type=\"widget\" data-widget_type=\"image.default\">\n\t\t\t\t<div class=\"elementor-widget-container\">\n\t\t\t<style>\/*! elementor - v3.16.0 - 17-10-2023 *\/\n.elementor-widget-image{text-align:center}.elementor-widget-image a{display:inline-block}.elementor-widget-image a img[src$=\".svg\"]{width:48px}.elementor-widget-image img{vertical-align:middle;display:inline-block}<\/style>\t\t\t\t\t\t\t\t\t\t\t\t<img decoding=\"async\" loading=\"lazy\" width=\"864\" height=\"486\" src=\"https:\/\/stnm.com.tr\/wp-content\/uploads\/2023\/10\/thumbs_b_c_9bc7f453c9b542d5a0f26aa3a2cb9d34.jpg\" class=\"attachment-large size-large wp-image-741\" alt=\"\" srcset=\"https:\/\/stnm.com.tr\/wp-content\/uploads\/2023\/10\/thumbs_b_c_9bc7f453c9b542d5a0f26aa3a2cb9d34.jpg 864w, https:\/\/stnm.com.tr\/wp-content\/uploads\/2023\/10\/thumbs_b_c_9bc7f453c9b542d5a0f26aa3a2cb9d34-300x169.jpg 300w, https:\/\/stnm.com.tr\/wp-content\/uploads\/2023\/10\/thumbs_b_c_9bc7f453c9b542d5a0f26aa3a2cb9d34-768x432.jpg 768w\" sizes=\"(max-width: 864px) 100vw, 864px\" \/>\t\t\t\t\t\t\t\t\t\t\t\t\t\t\t<\/div>\n\t\t\t\t<\/div>\n\t\t\t\t<\/div>\n\t\t\t\t\t<\/div>\n\t\t\t\t<\/div>\n\t\t<div class=\"elementor-element elementor-element-1ea6d55 e-flex e-con-boxed e-con e-parent\" data-id=\"1ea6d55\" data-element_type=\"container\" data-settings=\"{&quot;background_background&quot;:&quot;classic&quot;,&quot;content_width&quot;:&quot;boxed&quot;}\" data-core-v316-plus=\"true\">\n\t\t\t\t\t<div class=\"e-con-inner\">\n\t\t\t\t<div class=\"elementor-element elementor-element-7ba6fd2 elementor-widget elementor-widget-spacer\" data-id=\"7ba6fd2\" data-element_type=\"widget\" data-widget_type=\"spacer.default\">\n\t\t\t\t<div class=\"elementor-widget-container\">\n\t\t\t\t\t<div class=\"elementor-spacer\">\n\t\t\t<div class=\"elementor-spacer-inner\"><\/div>\n\t\t<\/div>\n\t\t\t\t<\/div>\n\t\t\t\t<\/div>\n\t\t\t\t<div class=\"elementor-element elementor-element-9bf23a5 elementor-widget elementor-widget-text-editor\" data-id=\"9bf23a5\" data-element_type=\"widget\" data-widget_type=\"text-editor.default\">\n\t\t\t\t<div class=\"elementor-widget-container\">\n\t\t\t\t\t\t\t<p>TEKNOFEST Helikopter Tasar\u0131m Yar\u0131\u015fmas\u0131nda\u00a0yar\u0131\u015fmac\u0131lardan, Afrika pazar\u0131na sunulacak insanl\u0131 -2 m\u00fcrettebatl\u0131, bir pilot ve bir silah\u00e7\u0131dan olu\u015fan\u00a0bir taarruz helikopteri tasarlamalar\u0131 istenmektedir. Bu ba\u011flamda, Afrika b\u00f6lgesinde sat\u0131\u015f\u0131 planlanan bir helikopterin tasar\u0131m\u0131 i\u00e7in \u00f6ncelikle bir pazar ara\u015ft\u0131rmas\u0131 yap\u0131lmas\u0131, ihtiya\u00e7lar\u0131n belirlenmesi ve gereksinim setlerinin ortaya \u00e7\u0131kar\u0131lmas\u0131; ard\u0131ndan bu gereksinim setlerini kar\u015f\u0131layan helikopter tasar\u0131m eniyilemesinin ger\u00e7ekle\u015ftirilmesi ama\u00e7lanm\u0131\u015ft\u0131r.\u00a0<\/p><p>Teknofest 2023&#8217;e STNM &#8211; ZADA 1 tak\u0131m\u0131 olarak \u00e7al\u0131\u015fmalar\u0131n\u0131 y\u00fcr\u00fcten ekip arkada\u015flar\u0131m\u0131za ve tak\u0131m tan\u0131t\u0131m dosyam\u0131za a\u015fa\u011f\u0131dan ula\u015fabilirsiniz.<\/p>\t\t\t\t\t\t<\/div>\n\t\t\t\t<\/div>\n\t\t\t\t<div class=\"elementor-element elementor-element-49728a2 elementor-align-center elementor-widget elementor-widget-button\" data-id=\"49728a2\" data-element_type=\"widget\" data-widget_type=\"button.default\">\n\t\t\t\t<div class=\"elementor-widget-container\">\n\t\t\t\t\t<div class=\"elementor-button-wrapper\">\n\t\t\t<a class=\"elementor-button elementor-button-link elementor-size-sm\" href=\"http:\/\/stnm.com.tr\/wp-content\/uploads\/2023\/10\/Takim-Tanitim-Dosyasi-STNM-ZADA-1.pdf\" target=\"_blank\">\n\t\t\t\t\t\t<span class=\"elementor-button-content-wrapper\">\n\t\t\t\t\t\t<span class=\"elementor-button-text\">TAKIM TANITIM DOSYASI<\/span>\n\t\t<\/span>\n\t\t\t\t\t<\/a>\n\t\t<\/div>\n\t\t\t\t<\/div>\n\t\t\t\t<\/div>\n\t\t\t\t<div class=\"elementor-element elementor-element-4d9a3e6 elementor-widget elementor-widget-spacer\" data-id=\"4d9a3e6\" data-element_type=\"widget\" data-widget_type=\"spacer.default\">\n\t\t\t\t<div class=\"elementor-widget-container\">\n\t\t\t\t\t<div class=\"elementor-spacer\">\n\t\t\t<div class=\"elementor-spacer-inner\"><\/div>\n\t\t<\/div>\n\t\t\t\t<\/div>\n\t\t\t\t<\/div>\n\t\t\t\t\t<\/div>\n\t\t\t\t<\/div>\n\t\t\t\t\t\t\t<\/div>\n\t\t","protected":false},"excerpt":{"rendered":"<p>Helikopter Tasar\u0131m Yar\u0131\u015fmas\u0131 Genel Bilgi STNM &#8211; ZADA 1 Helikopterler, ask\u0131 ve d\u00fc\u015fey u\u00e7u\u015f kabiliyetleri nedeniyle pek \u00e7ok g\u00f6revin icras\u0131 a\u00e7\u0131s\u0131ndan sabit kanatl\u0131 hava ara\u00e7lar\u0131na k\u0131yasla \u00fcst\u00fcn avantajlar sa\u011flamaktad\u0131rlar. Arama kurtarmadan lojisti\u011fe, ula\u015f\u0131mdan ke\u015fif ve g\u00f6zetlemeye pek \u00e7ok alanda herhangi \u00f6zel bir piste ihtiya\u00e7 duymaks\u0131z\u0131n hizmet veren helikopterler, g\u00fcn\u00fcm\u00fcz\u00fcn vazge\u00e7ilmez hava ara\u00e7lar\u0131ndand\u0131r. TEKNOFEST Helikopter Tasar\u0131m &hellip;<\/p>\n<p class=\"read-more\"> <a class=\"\" href=\"https:\/\/stnm.com.tr\/index.php\/helikopter-tasarim-yarismasi\/\"> <span class=\"screen-reader-text\">Helikopter Tasar\u0131m Yar\u0131\u015fmas\u0131<\/span> Read More &raquo;<\/a><\/p>\n","protected":false},"author":1,"featured_media":0,"parent":0,"menu_order":0,"comment_status":"closed","ping_status":"closed","template":"","meta":{"site-sidebar-layout":"no-sidebar","site-content-layout":"page-builder","ast-site-content-layout":"","site-content-style":"default","site-sidebar-style":"default","ast-global-header-display":"","ast-banner-title-visibility":"","ast-main-header-display":"","ast-hfb-above-header-display":"","ast-hfb-below-header-display":"","ast-hfb-mobile-header-display":"","site-post-title":"disabled","ast-breadcrumbs-content":"","ast-featured-img":"disabled","footer-sml-layout":"","theme-transparent-header-meta":"enabled","adv-header-id-meta":"","stick-header-meta":"","header-above-stick-meta":"","header-main-stick-meta":"","header-below-stick-meta":"","astra-migrate-meta-layouts":"","footnotes":""},"yoast_head":"<!-- This site is optimized with the Yoast SEO plugin v21.4 - https:\/\/yoast.com\/wordpress\/plugins\/seo\/ -->\n<title>Helikopter Tasar\u0131m Yar\u0131\u015fmas\u0131 - stnm.com.tr<\/title>\n<meta name=\"robots\" content=\"index, follow, max-snippet:-1, max-image-preview:large, max-video-preview:-1\" \/>\n<link rel=\"canonical\" href=\"https:\/\/stnm.com.tr\/index.php\/helikopter-tasarim-yarismasi\/\" \/>\n<meta property=\"og:locale\" content=\"en_US\" \/>\n<meta property=\"og:type\" content=\"article\" \/>\n<meta property=\"og:title\" content=\"Helikopter Tasar\u0131m Yar\u0131\u015fmas\u0131 - stnm.com.tr\" \/>\n<meta property=\"og:description\" content=\"Helikopter Tasar\u0131m Yar\u0131\u015fmas\u0131 Genel Bilgi STNM &#8211; ZADA 1 Helikopterler, ask\u0131 ve d\u00fc\u015fey u\u00e7u\u015f kabiliyetleri nedeniyle pek \u00e7ok g\u00f6revin icras\u0131 a\u00e7\u0131s\u0131ndan sabit kanatl\u0131 hava ara\u00e7lar\u0131na k\u0131yasla \u00fcst\u00fcn avantajlar sa\u011flamaktad\u0131rlar. Arama kurtarmadan lojisti\u011fe, ula\u015f\u0131mdan ke\u015fif ve g\u00f6zetlemeye pek \u00e7ok alanda herhangi \u00f6zel bir piste ihtiya\u00e7 duymaks\u0131z\u0131n hizmet veren helikopterler, g\u00fcn\u00fcm\u00fcz\u00fcn vazge\u00e7ilmez hava ara\u00e7lar\u0131ndand\u0131r. TEKNOFEST Helikopter Tasar\u0131m &hellip; Helikopter Tasar\u0131m Yar\u0131\u015fmas\u0131 Read More &raquo;\" \/>\n<meta property=\"og:url\" content=\"https:\/\/stnm.com.tr\/index.php\/helikopter-tasarim-yarismasi\/\" \/>\n<meta property=\"og:site_name\" content=\"stnm.com.tr\" \/>\n<meta property=\"article:modified_time\" content=\"2023-10-22T08:48:54+00:00\" \/>\n<meta property=\"og:image\" content=\"http:\/\/stnm.com.tr\/wp-content\/uploads\/2023\/10\/thumbs_b_c_9bc7f453c9b542d5a0f26aa3a2cb9d34.jpg\" \/>\n<meta name=\"twitter:card\" content=\"summary_large_image\" \/>\n<meta name=\"twitter:label1\" content=\"Est. reading time\" \/>\n\t<meta name=\"twitter:data1\" content=\"2 minutes\" \/>\n<script type=\"application\/ld+json\" class=\"yoast-schema-graph\">{\"@context\":\"https:\/\/schema.org\",\"@graph\":[{\"@type\":\"WebPage\",\"@id\":\"https:\/\/stnm.com.tr\/index.php\/helikopter-tasarim-yarismasi\/\",\"url\":\"https:\/\/stnm.com.tr\/index.php\/helikopter-tasarim-yarismasi\/\",\"name\":\"Helikopter Tasar\u0131m Yar\u0131\u015fmas\u0131 - stnm.com.tr\",\"isPartOf\":{\"@id\":\"https:\/\/stnm.com.tr\/#website\"},\"datePublished\":\"2023-10-22T08:21:42+00:00\",\"dateModified\":\"2023-10-22T08:48:54+00:00\",\"breadcrumb\":{\"@id\":\"https:\/\/stnm.com.tr\/index.php\/helikopter-tasarim-yarismasi\/#breadcrumb\"},\"inLanguage\":\"en-US\",\"potentialAction\":[{\"@type\":\"ReadAction\",\"target\":[\"https:\/\/stnm.com.tr\/index.php\/helikopter-tasarim-yarismasi\/\"]}]},{\"@type\":\"BreadcrumbList\",\"@id\":\"https:\/\/stnm.com.tr\/index.php\/helikopter-tasarim-yarismasi\/#breadcrumb\",\"itemListElement\":[{\"@type\":\"ListItem\",\"position\":1,\"name\":\"Anasayfa\",\"item\":\"https:\/\/stnm.com.tr\/\"},{\"@type\":\"ListItem\",\"position\":2,\"name\":\"Helikopter Tasar\u0131m Yar\u0131\u015fmas\u0131\"}]},{\"@type\":\"WebSite\",\"@id\":\"https:\/\/stnm.com.tr\/#website\",\"url\":\"https:\/\/stnm.com.tr\/\",\"name\":\"stnm.com.tr\",\"description\":\"\",\"publisher\":{\"@id\":\"https:\/\/stnm.com.tr\/#organization\"},\"potentialAction\":[{\"@type\":\"SearchAction\",\"target\":{\"@type\":\"EntryPoint\",\"urlTemplate\":\"https:\/\/stnm.com.tr\/?s={search_term_string}\"},\"query-input\":\"required name=search_term_string\"}],\"inLanguage\":\"en-US\"},{\"@type\":\"Organization\",\"@id\":\"https:\/\/stnm.com.tr\/#organization\",\"name\":\"STNM - Savunma Teknolojileri ve Nitelikli M\u00fchendisler Toplulu\u011fu\",\"url\":\"https:\/\/stnm.com.tr\/\",\"logo\":{\"@type\":\"ImageObject\",\"inLanguage\":\"en-US\",\"@id\":\"https:\/\/stnm.com.tr\/#\/schema\/logo\/image\/\",\"url\":\"https:\/\/stnm.com.tr\/wp-content\/uploads\/2023\/10\/C96A49F5-F5DD-4AF3-96B5-029E491AA282-1.png\",\"contentUrl\":\"https:\/\/stnm.com.tr\/wp-content\/uploads\/2023\/10\/C96A49F5-F5DD-4AF3-96B5-029E491AA282-1.png\",\"width\":4190,\"height\":4096,\"caption\":\"STNM - Savunma Teknolojileri ve Nitelikli M\u00fchendisler Toplulu\u011fu\"},\"image\":{\"@id\":\"https:\/\/stnm.com.tr\/#\/schema\/logo\/image\/\"}}]}<\/script>\n<!-- \/ Yoast SEO plugin. -->","yoast_head_json":{"title":"Helikopter Tasar\u0131m Yar\u0131\u015fmas\u0131 - stnm.com.tr","robots":{"index":"index","follow":"follow","max-snippet":"max-snippet:-1","max-image-preview":"max-image-preview:large","max-video-preview":"max-video-preview:-1"},"canonical":"https:\/\/stnm.com.tr\/index.php\/helikopter-tasarim-yarismasi\/","og_locale":"en_US","og_type":"article","og_title":"Helikopter Tasar\u0131m Yar\u0131\u015fmas\u0131 - stnm.com.tr","og_description":"Helikopter Tasar\u0131m Yar\u0131\u015fmas\u0131 Genel Bilgi STNM &#8211; ZADA 1 Helikopterler, ask\u0131 ve d\u00fc\u015fey u\u00e7u\u015f kabiliyetleri nedeniyle pek \u00e7ok g\u00f6revin icras\u0131 a\u00e7\u0131s\u0131ndan sabit kanatl\u0131 hava ara\u00e7lar\u0131na k\u0131yasla \u00fcst\u00fcn avantajlar sa\u011flamaktad\u0131rlar. Arama kurtarmadan lojisti\u011fe, ula\u015f\u0131mdan ke\u015fif ve g\u00f6zetlemeye pek \u00e7ok alanda herhangi \u00f6zel bir piste ihtiya\u00e7 duymaks\u0131z\u0131n hizmet veren helikopterler, g\u00fcn\u00fcm\u00fcz\u00fcn vazge\u00e7ilmez hava ara\u00e7lar\u0131ndand\u0131r. TEKNOFEST Helikopter Tasar\u0131m &hellip; Helikopter Tasar\u0131m Yar\u0131\u015fmas\u0131 Read More &raquo;","og_url":"https:\/\/stnm.com.tr\/index.php\/helikopter-tasarim-yarismasi\/","og_site_name":"stnm.com.tr","article_modified_time":"2023-10-22T08:48:54+00:00","og_image":[{"url":"http:\/\/stnm.com.tr\/wp-content\/uploads\/2023\/10\/thumbs_b_c_9bc7f453c9b542d5a0f26aa3a2cb9d34.jpg"}],"twitter_card":"summary_large_image","twitter_misc":{"Est. reading time":"2 minutes"},"schema":{"@context":"https:\/\/schema.org","@graph":[{"@type":"WebPage","@id":"https:\/\/stnm.com.tr\/index.php\/helikopter-tasarim-yarismasi\/","url":"https:\/\/stnm.com.tr\/index.php\/helikopter-tasarim-yarismasi\/","name":"Helikopter Tasar\u0131m Yar\u0131\u015fmas\u0131 - stnm.com.tr","isPartOf":{"@id":"https:\/\/stnm.com.tr\/#website"},"datePublished":"2023-10-22T08:21:42+00:00","dateModified":"2023-10-22T08:48:54+00:00","breadcrumb":{"@id":"https:\/\/stnm.com.tr\/index.php\/helikopter-tasarim-yarismasi\/#breadcrumb"},"inLanguage":"en-US","potentialAction":[{"@type":"ReadAction","target":["https:\/\/stnm.com.tr\/index.php\/helikopter-tasarim-yarismasi\/"]}]},{"@type":"BreadcrumbList","@id":"https:\/\/stnm.com.tr\/index.php\/helikopter-tasarim-yarismasi\/#breadcrumb","itemListElement":[{"@type":"ListItem","position":1,"name":"Anasayfa","item":"https:\/\/stnm.com.tr\/"},{"@type":"ListItem","position":2,"name":"Helikopter Tasar\u0131m Yar\u0131\u015fmas\u0131"}]},{"@type":"WebSite","@id":"https:\/\/stnm.com.tr\/#website","url":"https:\/\/stnm.com.tr\/","name":"stnm.com.tr","description":"","publisher":{"@id":"https:\/\/stnm.com.tr\/#organization"},"potentialAction":[{"@type":"SearchAction","target":{"@type":"EntryPoint","urlTemplate":"https:\/\/stnm.com.tr\/?s={search_term_string}"},"query-input":"required name=search_term_string"}],"inLanguage":"en-US"},{"@type":"Organization","@id":"https:\/\/stnm.com.tr\/#organization","name":"STNM - Savunma Teknolojileri ve Nitelikli M\u00fchendisler Toplulu\u011fu","url":"https:\/\/stnm.com.tr\/","logo":{"@type":"ImageObject","inLanguage":"en-US","@id":"https:\/\/stnm.com.tr\/#\/schema\/logo\/image\/","url":"https:\/\/stnm.com.tr\/wp-content\/uploads\/2023\/10\/C96A49F5-F5DD-4AF3-96B5-029E491AA282-1.png","contentUrl":"https:\/\/stnm.com.tr\/wp-content\/uploads\/2023\/10\/C96A49F5-F5DD-4AF3-96B5-029E491AA282-1.png","width":4190,"height":4096,"caption":"STNM - Savunma Teknolojileri ve Nitelikli M\u00fchendisler Toplulu\u011fu"},"image":{"@id":"https:\/\/stnm.com.tr\/#\/schema\/logo\/image\/"}}]}},"_links":{"self":[{"href":"https:\/\/stnm.com.tr\/index.php\/wp-json\/wp\/v2\/pages\/739"}],"collection":[{"href":"https:\/\/stnm.com.tr\/index.php\/wp-json\/wp\/v2\/pages"}],"about":[{"href":"https:\/\/stnm.com.tr\/index.php\/wp-json\/wp\/v2\/types\/page"}],"author":[{"embeddable":true,"href":"https:\/\/stnm.com.tr\/index.php\/wp-json\/wp\/v2\/users\/1"}],"replies":[{"embeddable":true,"href":"https:\/\/stnm.com.tr\/index.php\/wp-json\/wp\/v2\/comments?post=739"}],"version-history":[{"count":7,"href":"https:\/\/stnm.com.tr\/index.php\/wp-json\/wp\/v2\/pages\/739\/revisions"}],"predecessor-version":[{"id":786,"href":"https:\/\/stnm.com.tr\/index.php\/wp-json\/wp\/v2\/pages\/739\/revisions\/786"}],"wp:attachment":[{"href":"https:\/\/stnm.com.tr\/index.php\/wp-json\/wp\/v2\/media?parent=739"}],"curies":[{"name":"wp","href":"https:\/\/api.w.org\/{rel}","templated":true}]}}