{"id":690,"date":"2023-10-22T00:48:02","date_gmt":"2023-10-21T21:48:02","guid":{"rendered":"https:\/\/stnm.com.tr\/?page_id=690"},"modified":"2023-10-22T11:47:58","modified_gmt":"2023-10-22T08:47:58","slug":"savasan-iha","status":"publish","type":"page","link":"https:\/\/stnm.com.tr\/index.php\/savasan-iha\/","title":{"rendered":"Sava\u015fan \u0130HA"},"content":{"rendered":"\t\t<div data-elementor-type=\"wp-post\" data-elementor-id=\"690\" class=\"elementor elementor-690\">\n\t\t\t\t\t\t\t\t\t<section class=\"elementor-section elementor-top-section elementor-element elementor-element-bbf904a elementor-section-content-middle elementor-section-boxed elementor-section-height-default elementor-section-height-default\" data-id=\"bbf904a\" data-element_type=\"section\" data-settings=\"{&quot;background_background&quot;:&quot;classic&quot;}\">\n\t\t\t\t\t\t\t<div class=\"elementor-background-overlay\"><\/div>\n\t\t\t\t\t\t\t<div class=\"elementor-container elementor-column-gap-no\">\n\t\t\t\t\t<div class=\"elementor-column elementor-col-100 elementor-top-column elementor-element elementor-element-401f620\" data-id=\"401f620\" data-element_type=\"column\">\n\t\t\t<div class=\"elementor-widget-wrap elementor-element-populated\">\n\t\t\t\t\t\t\t\t<div class=\"elementor-element elementor-element-def3ca5 elementor-widget elementor-widget-heading\" data-id=\"def3ca5\" data-element_type=\"widget\" data-widget_type=\"heading.default\">\n\t\t\t\t<div class=\"elementor-widget-container\">\n\t\t\t<style>\/*! elementor - v3.16.0 - 17-10-2023 *\/\n.elementor-heading-title{padding:0;margin:0;line-height:1}.elementor-widget-heading .elementor-heading-title[class*=elementor-size-]>a{color:inherit;font-size:inherit;line-height:inherit}.elementor-widget-heading .elementor-heading-title.elementor-size-small{font-size:15px}.elementor-widget-heading .elementor-heading-title.elementor-size-medium{font-size:19px}.elementor-widget-heading .elementor-heading-title.elementor-size-large{font-size:29px}.elementor-widget-heading .elementor-heading-title.elementor-size-xl{font-size:39px}.elementor-widget-heading .elementor-heading-title.elementor-size-xxl{font-size:59px}<\/style><h1 class=\"elementor-heading-title elementor-size-default\">sava\u015fan \u0130HA <\/h1>\t\t<\/div>\n\t\t\t\t<\/div>\n\t\t\t\t\t<\/div>\n\t\t<\/div>\n\t\t\t\t\t\t\t<\/div>\n\t\t<\/section>\n\t\t<div class=\"elementor-element elementor-element-de9a67f e-flex e-con-boxed e-con e-parent\" data-id=\"de9a67f\" data-element_type=\"container\" data-settings=\"{&quot;background_background&quot;:&quot;classic&quot;,&quot;content_width&quot;:&quot;boxed&quot;}\" data-core-v316-plus=\"true\">\n\t\t\t\t\t<div class=\"e-con-inner\">\n\t\t<div class=\"elementor-element elementor-element-cab9be1 e-con-full e-flex e-con e-child\" data-id=\"cab9be1\" data-element_type=\"container\" data-settings=\"{&quot;content_width&quot;:&quot;full&quot;}\">\n\t\t\t\t<div class=\"elementor-element elementor-element-1f1b270 elementor-widget elementor-widget-spacer\" data-id=\"1f1b270\" data-element_type=\"widget\" data-widget_type=\"spacer.default\">\n\t\t\t\t<div class=\"elementor-widget-container\">\n\t\t\t<style>\/*! elementor - v3.16.0 - 17-10-2023 *\/\n.elementor-column .elementor-spacer-inner{height:var(--spacer-size)}.e-con{--container-widget-width:100%}.e-con-inner>.elementor-widget-spacer,.e-con>.elementor-widget-spacer{width:var(--container-widget-width,var(--spacer-size));--align-self:var(--container-widget-align-self,initial);--flex-shrink:0}.e-con-inner>.elementor-widget-spacer>.elementor-widget-container,.e-con>.elementor-widget-spacer>.elementor-widget-container{height:100%;width:100%}.e-con-inner>.elementor-widget-spacer>.elementor-widget-container>.elementor-spacer,.e-con>.elementor-widget-spacer>.elementor-widget-container>.elementor-spacer{height:100%}.e-con-inner>.elementor-widget-spacer>.elementor-widget-container>.elementor-spacer>.elementor-spacer-inner,.e-con>.elementor-widget-spacer>.elementor-widget-container>.elementor-spacer>.elementor-spacer-inner{height:var(--container-widget-height,var(--spacer-size))}.e-con-inner>.elementor-widget-spacer.elementor-widget-empty,.e-con>.elementor-widget-spacer.elementor-widget-empty{position:relative;min-height:22px;min-width:22px}.e-con-inner>.elementor-widget-spacer.elementor-widget-empty .elementor-widget-empty-icon,.e-con>.elementor-widget-spacer.elementor-widget-empty .elementor-widget-empty-icon{position:absolute;top:0;bottom:0;left:0;right:0;margin:auto;padding:0;width:22px;height:22px}<\/style>\t\t<div class=\"elementor-spacer\">\n\t\t\t<div class=\"elementor-spacer-inner\"><\/div>\n\t\t<\/div>\n\t\t\t\t<\/div>\n\t\t\t\t<\/div>\n\t\t\t\t<div class=\"elementor-element elementor-element-48d5366 elementor-widget elementor-widget-heading\" data-id=\"48d5366\" data-element_type=\"widget\" data-widget_type=\"heading.default\">\n\t\t\t\t<div class=\"elementor-widget-container\">\n\t\t\t<h6 class=\"elementor-heading-title elementor-size-default\">Genel Bilgi<\/h6>\t\t<\/div>\n\t\t\t\t<\/div>\n\t\t\t\t<div class=\"elementor-element elementor-element-55256ff elementor-widget elementor-widget-heading\" data-id=\"55256ff\" data-element_type=\"widget\" data-widget_type=\"heading.default\">\n\t\t\t\t<div class=\"elementor-widget-container\">\n\t\t\t<h2 class=\"elementor-heading-title elementor-size-default\">STNM - HAVA<\/h2>\t\t<\/div>\n\t\t\t\t<\/div>\n\t\t\t\t<div class=\"elementor-element elementor-element-9c29269 elementor-widget-divider--view-line elementor-widget elementor-widget-divider\" data-id=\"9c29269\" data-element_type=\"widget\" data-widget_type=\"divider.default\">\n\t\t\t\t<div class=\"elementor-widget-container\">\n\t\t\t<style>\/*! elementor - v3.16.0 - 17-10-2023 *\/\n.elementor-widget-divider{--divider-border-style:none;--divider-border-width:1px;--divider-color:#0c0d0e;--divider-icon-size:20px;--divider-element-spacing:10px;--divider-pattern-height:24px;--divider-pattern-size:20px;--divider-pattern-url:none;--divider-pattern-repeat:repeat-x}.elementor-widget-divider .elementor-divider{display:flex}.elementor-widget-divider .elementor-divider__text{font-size:15px;line-height:1;max-width:95%}.elementor-widget-divider .elementor-divider__element{margin:0 var(--divider-element-spacing);flex-shrink:0}.elementor-widget-divider .elementor-icon{font-size:var(--divider-icon-size)}.elementor-widget-divider .elementor-divider-separator{display:flex;margin:0;direction:ltr}.elementor-widget-divider--view-line_icon .elementor-divider-separator,.elementor-widget-divider--view-line_text .elementor-divider-separator{align-items:center}.elementor-widget-divider--view-line_icon .elementor-divider-separator:after,.elementor-widget-divider--view-line_icon .elementor-divider-separator:before,.elementor-widget-divider--view-line_text .elementor-divider-separator:after,.elementor-widget-divider--view-line_text .elementor-divider-separator:before{display:block;content:\"\";border-bottom:0;flex-grow:1;border-top:var(--divider-border-width) var(--divider-border-style) var(--divider-color)}.elementor-widget-divider--element-align-left .elementor-divider .elementor-divider-separator>.elementor-divider__svg:first-of-type{flex-grow:0;flex-shrink:100}.elementor-widget-divider--element-align-left .elementor-divider-separator:before{content:none}.elementor-widget-divider--element-align-left .elementor-divider__element{margin-left:0}.elementor-widget-divider--element-align-right .elementor-divider .elementor-divider-separator>.elementor-divider__svg:last-of-type{flex-grow:0;flex-shrink:100}.elementor-widget-divider--element-align-right .elementor-divider-separator:after{content:none}.elementor-widget-divider--element-align-right .elementor-divider__element{margin-right:0}.elementor-widget-divider:not(.elementor-widget-divider--view-line_text):not(.elementor-widget-divider--view-line_icon) .elementor-divider-separator{border-top:var(--divider-border-width) var(--divider-border-style) var(--divider-color)}.elementor-widget-divider--separator-type-pattern{--divider-border-style:none}.elementor-widget-divider--separator-type-pattern.elementor-widget-divider--view-line .elementor-divider-separator,.elementor-widget-divider--separator-type-pattern:not(.elementor-widget-divider--view-line) .elementor-divider-separator:after,.elementor-widget-divider--separator-type-pattern:not(.elementor-widget-divider--view-line) .elementor-divider-separator:before,.elementor-widget-divider--separator-type-pattern:not([class*=elementor-widget-divider--view]) .elementor-divider-separator{width:100%;min-height:var(--divider-pattern-height);-webkit-mask-size:var(--divider-pattern-size) 100%;mask-size:var(--divider-pattern-size) 100%;-webkit-mask-repeat:var(--divider-pattern-repeat);mask-repeat:var(--divider-pattern-repeat);background-color:var(--divider-color);-webkit-mask-image:var(--divider-pattern-url);mask-image:var(--divider-pattern-url)}.elementor-widget-divider--no-spacing{--divider-pattern-size:auto}.elementor-widget-divider--bg-round{--divider-pattern-repeat:round}.rtl .elementor-widget-divider .elementor-divider__text{direction:rtl}.e-con-inner>.elementor-widget-divider,.e-con>.elementor-widget-divider{width:var(--container-widget-width,100%);--flex-grow:var(--container-widget-flex-grow)}<\/style>\t\t<div class=\"elementor-divider\">\n\t\t\t<span class=\"elementor-divider-separator\">\n\t\t\t\t\t\t<\/span>\n\t\t<\/div>\n\t\t\t\t<\/div>\n\t\t\t\t<\/div>\n\t\t\t\t<div class=\"elementor-element elementor-element-e499982 elementor-widget elementor-widget-text-editor\" data-id=\"e499982\" data-element_type=\"widget\" data-widget_type=\"text-editor.default\">\n\t\t\t\t<div class=\"elementor-widget-container\">\n\t\t\t<style>\/*! elementor - v3.16.0 - 17-10-2023 *\/\n.elementor-widget-text-editor.elementor-drop-cap-view-stacked .elementor-drop-cap{background-color:#69727d;color:#fff}.elementor-widget-text-editor.elementor-drop-cap-view-framed .elementor-drop-cap{color:#69727d;border:3px solid;background-color:transparent}.elementor-widget-text-editor:not(.elementor-drop-cap-view-default) .elementor-drop-cap{margin-top:8px}.elementor-widget-text-editor:not(.elementor-drop-cap-view-default) .elementor-drop-cap-letter{width:1em;height:1em}.elementor-widget-text-editor .elementor-drop-cap{float:left;text-align:center;line-height:1;font-size:50px}.elementor-widget-text-editor .elementor-drop-cap-letter{display:inline-block}<\/style>\t\t\t\t<p>Teknolojideki geli\u015fmelere paralel olarak \u0130nsans\u0131z Hava Ara\u00e7lar\u0131 (\u0130HA), faaliyet alanlar\u0131n\u0131 g\u00fcn ge\u00e7tik\u00e7e geli\u015ftirmekte, git gide daha \u00e7ok otonomi kazanmaktad\u0131r. Bu ba\u011flamda y\u00fcksek otonomi gerektiren ve d\u00fcnya \u00e7ap\u0131nda s\u0131cak ara\u015ft\u0131rma alanlar\u0131ndan biri olan \u0130HA\u2019lara sava\u015f jetlerinin yapt\u0131\u011f\u0131 it dala\u015f\u0131 (dog fight) yapabilme kabiliyeti kazand\u0131r\u0131lmas\u0131 hedeflenmektedir.\u00a0<\/p>\t\t\t\t\t\t<\/div>\n\t\t\t\t<\/div>\n\t\t\t\t<div class=\"elementor-element elementor-element-a9d6031 elementor-widget-divider--view-line elementor-widget elementor-widget-divider\" data-id=\"a9d6031\" data-element_type=\"widget\" data-widget_type=\"divider.default\">\n\t\t\t\t<div class=\"elementor-widget-container\">\n\t\t\t\t\t<div class=\"elementor-divider\">\n\t\t\t<span class=\"elementor-divider-separator\">\n\t\t\t\t\t\t<\/span>\n\t\t<\/div>\n\t\t\t\t<\/div>\n\t\t\t\t<\/div>\n\t\t\t\t<div class=\"elementor-element elementor-element-1019e66 elementor-widget elementor-widget-spacer\" data-id=\"1019e66\" data-element_type=\"widget\" data-widget_type=\"spacer.default\">\n\t\t\t\t<div class=\"elementor-widget-container\">\n\t\t\t\t\t<div class=\"elementor-spacer\">\n\t\t\t<div class=\"elementor-spacer-inner\"><\/div>\n\t\t<\/div>\n\t\t\t\t<\/div>\n\t\t\t\t<\/div>\n\t\t\t\t<\/div>\n\t\t<div class=\"elementor-element elementor-element-a192336 e-con-full e-flex e-con e-child\" data-id=\"a192336\" data-element_type=\"container\" data-settings=\"{&quot;content_width&quot;:&quot;full&quot;}\">\n\t\t\t\t<div class=\"elementor-element elementor-element-4ea02a1 elementor-widget elementor-widget-image\" data-id=\"4ea02a1\" data-element_type=\"widget\" data-widget_type=\"image.default\">\n\t\t\t\t<div class=\"elementor-widget-container\">\n\t\t\t<style>\/*! elementor - v3.16.0 - 17-10-2023 *\/\n.elementor-widget-image{text-align:center}.elementor-widget-image a{display:inline-block}.elementor-widget-image a img[src$=\".svg\"]{width:48px}.elementor-widget-image img{vertical-align:middle;display:inline-block}<\/style>\t\t\t\t\t\t\t\t\t\t\t\t<img decoding=\"async\" loading=\"lazy\" width=\"1024\" height=\"576\" src=\"https:\/\/stnm.com.tr\/wp-content\/uploads\/2023\/10\/iha-1024x576.jpg\" class=\"attachment-large size-large wp-image-692\" alt=\"\" srcset=\"https:\/\/stnm.com.tr\/wp-content\/uploads\/2023\/10\/iha-1024x576.jpg 1024w, https:\/\/stnm.com.tr\/wp-content\/uploads\/2023\/10\/iha-300x169.jpg 300w, https:\/\/stnm.com.tr\/wp-content\/uploads\/2023\/10\/iha-768x432.jpg 768w, https:\/\/stnm.com.tr\/wp-content\/uploads\/2023\/10\/iha.jpg 1280w\" sizes=\"(max-width: 1024px) 100vw, 1024px\" \/>\t\t\t\t\t\t\t\t\t\t\t\t\t\t\t<\/div>\n\t\t\t\t<\/div>\n\t\t\t\t<\/div>\n\t\t\t\t\t<\/div>\n\t\t\t\t<\/div>\n\t\t<div class=\"elementor-element elementor-element-1ea6d55 e-flex e-con-boxed e-con e-parent\" data-id=\"1ea6d55\" data-element_type=\"container\" data-settings=\"{&quot;background_background&quot;:&quot;classic&quot;,&quot;content_width&quot;:&quot;boxed&quot;}\" data-core-v316-plus=\"true\">\n\t\t\t\t\t<div class=\"e-con-inner\">\n\t\t\t\t<div class=\"elementor-element elementor-element-7ba6fd2 elementor-widget elementor-widget-spacer\" data-id=\"7ba6fd2\" data-element_type=\"widget\" data-widget_type=\"spacer.default\">\n\t\t\t\t<div class=\"elementor-widget-container\">\n\t\t\t\t\t<div class=\"elementor-spacer\">\n\t\t\t<div class=\"elementor-spacer-inner\"><\/div>\n\t\t<\/div>\n\t\t\t\t<\/div>\n\t\t\t\t<\/div>\n\t\t\t\t<div class=\"elementor-element elementor-element-9bf23a5 elementor-widget elementor-widget-text-editor\" data-id=\"9bf23a5\" data-element_type=\"widget\" data-widget_type=\"text-editor.default\">\n\t\t\t\t<div class=\"elementor-widget-container\">\n\t\t\t\t\t\t\t<p>Hali haz\u0131rda d\u00fcnya \u00e7ap\u0131nda g\u00f6zlem faaliyetlerini b\u00fcy\u00fck oranda insanl\u0131 platformlardan alm\u0131\u015f olan \u0130HA\u2019lar, y\u00fcksek \u00e7evresel fark\u0131ndal\u0131k, karar verme yetene\u011fi ve dinamik ortamlarda planlama yetene\u011fi gibi konularda insan zekas\u0131 seviyesine yakla\u015famad\u0131\u011f\u0131 i\u00e7in, sava\u015f u\u00e7aklar\u0131 aras\u0131 hava \u2013 hava muharebe manevralar\u0131 ancak insanl\u0131 u\u00e7aklar ile ger\u00e7ekle\u015ftirilebilmektedir.&nbsp;<\/p>\n<p>Teknofest 2023&#8217;e STNM &#8211; HAVA tak\u0131m\u0131 olarak G\u00d6KTULGA projemiz ile haz\u0131rlan\u0131yoruz. Tam otonom olarak tasarlanan, y\u00fcksek manevra kabiliyetine sahip G\u00d6KTULGA projesi i\u00e7in \u00e7al\u0131\u015fmalar\u0131n\u0131 y\u00fcr\u00fcten ekip arkada\u015flar\u0131m\u0131za ve tak\u0131m tan\u0131t\u0131m dosyam\u0131za a\u015fa\u011f\u0131dan ula\u015fabilirsiniz.<\/p>\t\t\t\t\t\t<\/div>\n\t\t\t\t<\/div>\n\t\t\t\t<div class=\"elementor-element elementor-element-49728a2 elementor-align-center elementor-widget elementor-widget-button\" data-id=\"49728a2\" data-element_type=\"widget\" data-widget_type=\"button.default\">\n\t\t\t\t<div class=\"elementor-widget-container\">\n\t\t\t\t\t<div class=\"elementor-button-wrapper\">\n\t\t\t<a class=\"elementor-button elementor-button-link elementor-size-sm\" href=\"http:\/\/stnm.com.tr\/wp-content\/uploads\/2023\/10\/SavasanIHA.pdf\" target=\"_blank\">\n\t\t\t\t\t\t<span class=\"elementor-button-content-wrapper\">\n\t\t\t\t\t\t<span class=\"elementor-button-text\">TAKIM TANITIM DOSYASI<\/span>\n\t\t<\/span>\n\t\t\t\t\t<\/a>\n\t\t<\/div>\n\t\t\t\t<\/div>\n\t\t\t\t<\/div>\n\t\t\t\t<div class=\"elementor-element elementor-element-4d9a3e6 elementor-widget elementor-widget-spacer\" data-id=\"4d9a3e6\" data-element_type=\"widget\" data-widget_type=\"spacer.default\">\n\t\t\t\t<div class=\"elementor-widget-container\">\n\t\t\t\t\t<div class=\"elementor-spacer\">\n\t\t\t<div class=\"elementor-spacer-inner\"><\/div>\n\t\t<\/div>\n\t\t\t\t<\/div>\n\t\t\t\t<\/div>\n\t\t\t\t\t<\/div>\n\t\t\t\t<\/div>\n\t\t\t\t\t\t\t<\/div>\n\t\t","protected":false},"excerpt":{"rendered":"<p>sava\u015fan \u0130HA Genel Bilgi STNM &#8211; HAVA Teknolojideki geli\u015fmelere paralel olarak \u0130nsans\u0131z Hava Ara\u00e7lar\u0131 (\u0130HA), faaliyet alanlar\u0131n\u0131 g\u00fcn ge\u00e7tik\u00e7e geli\u015ftirmekte, git gide daha \u00e7ok otonomi kazanmaktad\u0131r. Bu ba\u011flamda y\u00fcksek otonomi gerektiren ve d\u00fcnya \u00e7ap\u0131nda s\u0131cak ara\u015ft\u0131rma alanlar\u0131ndan biri olan \u0130HA\u2019lara sava\u015f jetlerinin yapt\u0131\u011f\u0131 it dala\u015f\u0131 (dog fight) yapabilme kabiliyeti kazand\u0131r\u0131lmas\u0131 hedeflenmektedir.\u00a0 Hali haz\u0131rda d\u00fcnya \u00e7ap\u0131nda &hellip;<\/p>\n<p class=\"read-more\"> <a class=\"\" href=\"https:\/\/stnm.com.tr\/index.php\/savasan-iha\/\"> <span class=\"screen-reader-text\">Sava\u015fan \u0130HA<\/span> Read More &raquo;<\/a><\/p>\n","protected":false},"author":1,"featured_media":0,"parent":0,"menu_order":0,"comment_status":"closed","ping_status":"closed","template":"","meta":{"site-sidebar-layout":"no-sidebar","site-content-layout":"page-builder","ast-site-content-layout":"","site-content-style":"default","site-sidebar-style":"default","ast-global-header-display":"","ast-banner-title-visibility":"","ast-main-header-display":"","ast-hfb-above-header-display":"","ast-hfb-below-header-display":"","ast-hfb-mobile-header-display":"","site-post-title":"disabled","ast-breadcrumbs-content":"","ast-featured-img":"disabled","footer-sml-layout":"","theme-transparent-header-meta":"enabled","adv-header-id-meta":"","stick-header-meta":"","header-above-stick-meta":"","header-main-stick-meta":"","header-below-stick-meta":"","astra-migrate-meta-layouts":"","footnotes":""},"yoast_head":"<!-- This site is optimized with the Yoast SEO plugin v21.4 - https:\/\/yoast.com\/wordpress\/plugins\/seo\/ -->\n<title>Sava\u015fan \u0130HA - stnm.com.tr<\/title>\n<meta name=\"robots\" content=\"index, follow, max-snippet:-1, max-image-preview:large, max-video-preview:-1\" \/>\n<link rel=\"canonical\" href=\"https:\/\/stnm.com.tr\/index.php\/savasan-iha\/\" \/>\n<meta property=\"og:locale\" content=\"en_US\" \/>\n<meta property=\"og:type\" content=\"article\" \/>\n<meta property=\"og:title\" content=\"Sava\u015fan \u0130HA - stnm.com.tr\" \/>\n<meta property=\"og:description\" content=\"sava\u015fan \u0130HA Genel Bilgi STNM &#8211; HAVA Teknolojideki geli\u015fmelere paralel olarak \u0130nsans\u0131z Hava Ara\u00e7lar\u0131 (\u0130HA), faaliyet alanlar\u0131n\u0131 g\u00fcn ge\u00e7tik\u00e7e geli\u015ftirmekte, git gide daha \u00e7ok otonomi kazanmaktad\u0131r. Bu ba\u011flamda y\u00fcksek otonomi gerektiren ve d\u00fcnya \u00e7ap\u0131nda s\u0131cak ara\u015ft\u0131rma alanlar\u0131ndan biri olan \u0130HA\u2019lara sava\u015f jetlerinin yapt\u0131\u011f\u0131 it dala\u015f\u0131 (dog fight) yapabilme kabiliyeti kazand\u0131r\u0131lmas\u0131 hedeflenmektedir.\u00a0 Hali haz\u0131rda d\u00fcnya \u00e7ap\u0131nda &hellip; Sava\u015fan \u0130HA Read More &raquo;\" \/>\n<meta property=\"og:url\" content=\"https:\/\/stnm.com.tr\/index.php\/savasan-iha\/\" \/>\n<meta property=\"og:site_name\" content=\"stnm.com.tr\" \/>\n<meta property=\"article:modified_time\" content=\"2023-10-22T08:47:58+00:00\" \/>\n<meta property=\"og:image\" content=\"http:\/\/stnm.com.tr\/wp-content\/uploads\/2023\/10\/iha-1024x576.jpg\" \/>\n<meta name=\"twitter:card\" content=\"summary_large_image\" \/>\n<meta name=\"twitter:label1\" content=\"Est. reading time\" \/>\n\t<meta name=\"twitter:data1\" content=\"2 minutes\" \/>\n<script type=\"application\/ld+json\" class=\"yoast-schema-graph\">{\"@context\":\"https:\/\/schema.org\",\"@graph\":[{\"@type\":\"WebPage\",\"@id\":\"https:\/\/stnm.com.tr\/index.php\/savasan-iha\/\",\"url\":\"https:\/\/stnm.com.tr\/index.php\/savasan-iha\/\",\"name\":\"Sava\u015fan \u0130HA - stnm.com.tr\",\"isPartOf\":{\"@id\":\"https:\/\/stnm.com.tr\/#website\"},\"datePublished\":\"2023-10-21T21:48:02+00:00\",\"dateModified\":\"2023-10-22T08:47:58+00:00\",\"breadcrumb\":{\"@id\":\"https:\/\/stnm.com.tr\/index.php\/savasan-iha\/#breadcrumb\"},\"inLanguage\":\"en-US\",\"potentialAction\":[{\"@type\":\"ReadAction\",\"target\":[\"https:\/\/stnm.com.tr\/index.php\/savasan-iha\/\"]}]},{\"@type\":\"BreadcrumbList\",\"@id\":\"https:\/\/stnm.com.tr\/index.php\/savasan-iha\/#breadcrumb\",\"itemListElement\":[{\"@type\":\"ListItem\",\"position\":1,\"name\":\"Anasayfa\",\"item\":\"https:\/\/stnm.com.tr\/\"},{\"@type\":\"ListItem\",\"position\":2,\"name\":\"Sava\u015fan \u0130HA\"}]},{\"@type\":\"WebSite\",\"@id\":\"https:\/\/stnm.com.tr\/#website\",\"url\":\"https:\/\/stnm.com.tr\/\",\"name\":\"stnm.com.tr\",\"description\":\"\",\"publisher\":{\"@id\":\"https:\/\/stnm.com.tr\/#organization\"},\"potentialAction\":[{\"@type\":\"SearchAction\",\"target\":{\"@type\":\"EntryPoint\",\"urlTemplate\":\"https:\/\/stnm.com.tr\/?s={search_term_string}\"},\"query-input\":\"required name=search_term_string\"}],\"inLanguage\":\"en-US\"},{\"@type\":\"Organization\",\"@id\":\"https:\/\/stnm.com.tr\/#organization\",\"name\":\"STNM - Savunma Teknolojileri ve Nitelikli M\u00fchendisler Toplulu\u011fu\",\"url\":\"https:\/\/stnm.com.tr\/\",\"logo\":{\"@type\":\"ImageObject\",\"inLanguage\":\"en-US\",\"@id\":\"https:\/\/stnm.com.tr\/#\/schema\/logo\/image\/\",\"url\":\"https:\/\/stnm.com.tr\/wp-content\/uploads\/2023\/10\/C96A49F5-F5DD-4AF3-96B5-029E491AA282-1.png\",\"contentUrl\":\"https:\/\/stnm.com.tr\/wp-content\/uploads\/2023\/10\/C96A49F5-F5DD-4AF3-96B5-029E491AA282-1.png\",\"width\":4190,\"height\":4096,\"caption\":\"STNM - Savunma Teknolojileri ve Nitelikli M\u00fchendisler Toplulu\u011fu\"},\"image\":{\"@id\":\"https:\/\/stnm.com.tr\/#\/schema\/logo\/image\/\"}}]}<\/script>\n<!-- \/ Yoast SEO plugin. -->","yoast_head_json":{"title":"Sava\u015fan \u0130HA - stnm.com.tr","robots":{"index":"index","follow":"follow","max-snippet":"max-snippet:-1","max-image-preview":"max-image-preview:large","max-video-preview":"max-video-preview:-1"},"canonical":"https:\/\/stnm.com.tr\/index.php\/savasan-iha\/","og_locale":"en_US","og_type":"article","og_title":"Sava\u015fan \u0130HA - stnm.com.tr","og_description":"sava\u015fan \u0130HA Genel Bilgi STNM &#8211; HAVA Teknolojideki geli\u015fmelere paralel olarak \u0130nsans\u0131z Hava Ara\u00e7lar\u0131 (\u0130HA), faaliyet alanlar\u0131n\u0131 g\u00fcn ge\u00e7tik\u00e7e geli\u015ftirmekte, git gide daha \u00e7ok otonomi kazanmaktad\u0131r. Bu ba\u011flamda y\u00fcksek otonomi gerektiren ve d\u00fcnya \u00e7ap\u0131nda s\u0131cak ara\u015ft\u0131rma alanlar\u0131ndan biri olan \u0130HA\u2019lara sava\u015f jetlerinin yapt\u0131\u011f\u0131 it dala\u015f\u0131 (dog fight) yapabilme kabiliyeti kazand\u0131r\u0131lmas\u0131 hedeflenmektedir.\u00a0 Hali haz\u0131rda d\u00fcnya \u00e7ap\u0131nda &hellip; Sava\u015fan \u0130HA Read More &raquo;","og_url":"https:\/\/stnm.com.tr\/index.php\/savasan-iha\/","og_site_name":"stnm.com.tr","article_modified_time":"2023-10-22T08:47:58+00:00","og_image":[{"url":"http:\/\/stnm.com.tr\/wp-content\/uploads\/2023\/10\/iha-1024x576.jpg"}],"twitter_card":"summary_large_image","twitter_misc":{"Est. reading time":"2 minutes"},"schema":{"@context":"https:\/\/schema.org","@graph":[{"@type":"WebPage","@id":"https:\/\/stnm.com.tr\/index.php\/savasan-iha\/","url":"https:\/\/stnm.com.tr\/index.php\/savasan-iha\/","name":"Sava\u015fan \u0130HA - stnm.com.tr","isPartOf":{"@id":"https:\/\/stnm.com.tr\/#website"},"datePublished":"2023-10-21T21:48:02+00:00","dateModified":"2023-10-22T08:47:58+00:00","breadcrumb":{"@id":"https:\/\/stnm.com.tr\/index.php\/savasan-iha\/#breadcrumb"},"inLanguage":"en-US","potentialAction":[{"@type":"ReadAction","target":["https:\/\/stnm.com.tr\/index.php\/savasan-iha\/"]}]},{"@type":"BreadcrumbList","@id":"https:\/\/stnm.com.tr\/index.php\/savasan-iha\/#breadcrumb","itemListElement":[{"@type":"ListItem","position":1,"name":"Anasayfa","item":"https:\/\/stnm.com.tr\/"},{"@type":"ListItem","position":2,"name":"Sava\u015fan \u0130HA"}]},{"@type":"WebSite","@id":"https:\/\/stnm.com.tr\/#website","url":"https:\/\/stnm.com.tr\/","name":"stnm.com.tr","description":"","publisher":{"@id":"https:\/\/stnm.com.tr\/#organization"},"potentialAction":[{"@type":"SearchAction","target":{"@type":"EntryPoint","urlTemplate":"https:\/\/stnm.com.tr\/?s={search_term_string}"},"query-input":"required name=search_term_string"}],"inLanguage":"en-US"},{"@type":"Organization","@id":"https:\/\/stnm.com.tr\/#organization","name":"STNM - Savunma Teknolojileri ve Nitelikli M\u00fchendisler Toplulu\u011fu","url":"https:\/\/stnm.com.tr\/","logo":{"@type":"ImageObject","inLanguage":"en-US","@id":"https:\/\/stnm.com.tr\/#\/schema\/logo\/image\/","url":"https:\/\/stnm.com.tr\/wp-content\/uploads\/2023\/10\/C96A49F5-F5DD-4AF3-96B5-029E491AA282-1.png","contentUrl":"https:\/\/stnm.com.tr\/wp-content\/uploads\/2023\/10\/C96A49F5-F5DD-4AF3-96B5-029E491AA282-1.png","width":4190,"height":4096,"caption":"STNM - Savunma Teknolojileri ve Nitelikli M\u00fchendisler Toplulu\u011fu"},"image":{"@id":"https:\/\/stnm.com.tr\/#\/schema\/logo\/image\/"}}]}},"_links":{"self":[{"href":"https:\/\/stnm.com.tr\/index.php\/wp-json\/wp\/v2\/pages\/690"}],"collection":[{"href":"https:\/\/stnm.com.tr\/index.php\/wp-json\/wp\/v2\/pages"}],"about":[{"href":"https:\/\/stnm.com.tr\/index.php\/wp-json\/wp\/v2\/types\/page"}],"author":[{"embeddable":true,"href":"https:\/\/stnm.com.tr\/index.php\/wp-json\/wp\/v2\/users\/1"}],"replies":[{"embeddable":true,"href":"https:\/\/stnm.com.tr\/index.php\/wp-json\/wp\/v2\/comments?post=690"}],"version-history":[{"count":13,"href":"https:\/\/stnm.com.tr\/index.php\/wp-json\/wp\/v2\/pages\/690\/revisions"}],"predecessor-version":[{"id":780,"href":"https:\/\/stnm.com.tr\/index.php\/wp-json\/wp\/v2\/pages\/690\/revisions\/780"}],"wp:attachment":[{"href":"https:\/\/stnm.com.tr\/index.php\/wp-json\/wp\/v2\/media?parent=690"}],"curies":[{"name":"wp","href":"https:\/\/api.w.org\/{rel}","templated":true}]}}